{"id":9,"date":"2017-10-10T13:11:10","date_gmt":"2017-10-10T11:11:10","guid":{"rendered":"http:\/\/traffikklassik.be\/?page_id=9"},"modified":"2024-11-17T18:58:58","modified_gmt":"2024-11-17T17:58:58","slug":"accueil","status":"publish","type":"page","link":"http:\/\/traffikklassik.be\/","title":{"rendered":"Home"},"content":{"rendered":"\n<p><mark style=\"background-color:rgba(0, 0, 0, 0)\" class=\"has-inline-color has-cyan-bluish-gray-color\">\u00b0<\/mark><\/p>\n\n\n\n<figure class=\"wp-block-image size-large is-resized\"><img loading=\"lazy\" decoding=\"async\" src=\"http:\/\/traffikklassik.be\/wp-content\/uploads\/2022\/08\/dsc3264.jpg-1-682x1024.webp\" alt=\"\" class=\"wp-image-1394\" width=\"409\" height=\"615\" srcset=\"http:\/\/traffikklassik.be\/wp-content\/uploads\/2022\/08\/dsc3264.jpg-1-682x1024.webp 682w, http:\/\/traffikklassik.be\/wp-content\/uploads\/2022\/08\/dsc3264.jpg-1-200x300.webp 200w, http:\/\/traffikklassik.be\/wp-content\/uploads\/2022\/08\/dsc3264.jpg-1-768x1154.webp 768w, http:\/\/traffikklassik.be\/wp-content\/uploads\/2022\/08\/dsc3264.jpg-1-1022x1536.webp 1022w, http:\/\/traffikklassik.be\/wp-content\/uploads\/2022\/08\/dsc3264.jpg-1.webp 1362w\" sizes=\"(max-width: 409px) 100vw, 409px\" \/><\/figure>\n\n\n\n<p style=\"font-size:18px\"><strong>TRAFFIK KLASSIK <\/strong>est un collectif de musique de chambre fond\u00e9 en 2015 par le violoncelliste Michel Boulanger. Les membres du groupe ont conquis leurs galons dans les ensembles les plus r\u00e9put\u00e9s pour leur pratique musicale historique. <\/p>\n\n\n\n<p style=\"font-size:18px\">Leur credo : recherche de l\u2019authenticit\u00e9, curiosit\u00e9 toujours en \u00e9veil, contact direct et naturel avec leur public. Leur m\u00e9thode: renoncer aux ex\u00e9cutions traditionnelles, inventer de nouvelles formes de concerts.<\/p>\n\n\n\n<p style=\"font-size:18px\">Dans leurs concerts, la musique de chambre m\u00e9connue des 18e et 19e si\u00e8cles c\u00f4toie les chefs d\u2019oeuvres c\u00e9l\u00e8bres. Par ce dialogue, ils cr\u00e9ent des programmes captivants tant pour les m\u00e9lomanes avertis que pour un plus large public.<\/p>\n\n\n\n<p style=\"font-size:18px\">Dans le monde dynamique du 18e si\u00e8cle, les virtuoses et les compositeurs voyageaient dans toute l\u2019Europe, avec dans leurs bagages leurs oeuvres et celles de leurs contemporains qu\u2019ils adaptaient librement selon les circonstances. Ce traffic a g\u00e9n\u00e9r\u00e9 un r\u00e9pertoire ignor\u00e9 mais brillant de transcriptions et d\u2019arrangements. <strong>TRAFFIK KLASSIK <\/strong>y puise avec bonheur et en a tir\u00e9 son nom.<\/p>\n\n\n\n<div style=\"height:40px\" aria-hidden=\"true\" class=\"wp-block-spacer\"><\/div>\n\n\n\n<p><\/p>\n\n\n\n<p class=\"has-vivid-cyan-blue-color has-text-color\" style=\"font-size:29px\"><strong>Upcoming CONCERTS<\/strong><\/p>\n\n\n\n<p class=\"has-large-font-size\"><strong>24.11.2024<\/strong> Brussel | 18:30<\/p>\n\n\n\n<p class=\"has-large-font-size\"><strong>Goldberg in zakformaat \/ en format de poche<\/strong><\/p>\n\n\n\n<p class=\"has-medium-font-size\"><em>Dirk Vandaele, violin<br>Manuela Bucher, viola&nbsp;<br>Michel Boulanger, cello<\/em><\/p>\n\n\n\n<p class=\"has-medium-font-size\">Coudenbergpaleis, Koningsplein 10&nbsp;<\/p>\n\n\n\n<p class=\"has-medium-font-size\">1000 Brussel<\/p>\n\n\n\n<p class=\"has-medium-font-size\"><a href=\"https:\/\/coudenberg.brussels\/nl\/te-doen\/nieuws\/coudenberg-sound-box-fest-2024-24-11-anthony-romaniuk-and-traffik-klassik\">https:\/\/coudenberg.brussels\/nl\/te-doen\/nieuws\/coudenberg-sound-box-fest-2024-24-11-anthony-romaniuk-and-traffik-klassik<\/a><\/p>\n\n\n\n<p><\/p>\n\n\n\n<p><\/p>\n\n\n\n<p><\/p>\n\n\n\n<p><\/p>\n\n\n\n<p><\/p>\n\n\n\n<p style=\"font-size:19px\"><\/p>\n\n\n\n<div style=\"height:0px\" aria-hidden=\"true\" class=\"wp-block-spacer\"><\/div>\n\n\n\n<p style=\"font-size:29px\"><\/p>\n\n\n\n<p style=\"font-size:19px\"><\/p>\n\n\n\n<p style=\"font-size:19px\"><\/p>\n\n\n\n<p style=\"font-size:19px\"><\/p>\n\n\n\n<p style=\"font-size:19px\"><\/p>\n\n\n\n<p style=\"font-size:19px\"><\/p>\n\n\n\n<p style=\"font-size:19px\">  <\/p>\n\n\n\n<div style=\"height:0px\" aria-hidden=\"true\" class=\"wp-block-spacer\"><\/div>\n\n\n\n<div style=\"height:64px\" aria-hidden=\"true\" class=\"wp-block-spacer\"><\/div>\n\n\n<hr>\n\n\n<p class=\"has-medium-font-size\"><\/p>\n\n\n\n<p class=\"has-black-color has-text-color\" style=\"font-size:19px\"> <br><\/p>\n\n\n\n<div style=\"height:64px\" aria-hidden=\"true\" class=\"wp-block-spacer\"><\/div>\n\n\n<hr>\n\n\n<p class=\"has-medium-font-size\"><\/p>\n\n\n\n<p class=\"has-medium-font-size\"><\/p>\n\n\n\n<p class=\"has-medium-font-size\"><\/p>\n\n\n\n<div style=\"height:64px\" aria-hidden=\"true\" class=\"wp-block-spacer\"><\/div>\n\n\n<hr>\n\n\n<p class=\"has-medium-font-size\" style=\"letter-spacing:px\"><\/p>\n\n\n\n<p><\/p>\n\n\n\n<p><\/p>\n\n\n\n<p><\/p>\n\n\n\n<div style=\"height:65px\" aria-hidden=\"true\" class=\"wp-block-spacer\"><\/div>\n\n\n\n<p class=\"has-vivid-cyan-blue-color has-text-color\" style=\"font-size:29px\"><em><br><\/em><\/p>\n","protected":false},"excerpt":{"rendered":"<p>\u00b0 TRAFFIK KLASSIK est un collectif de musique de chambre fond\u00e9 en 2015 par le violoncelliste Michel Boulanger. Les membres du groupe ont conquis leurs galons dans les ensembles les plus r\u00e9put\u00e9s pour leur pratique musicale historique. Leur credo : recherche de l\u2019authenticit\u00e9, curiosit\u00e9 toujours en \u00e9veil, contact direct et naturel avec leur public. Leur&#8230;<\/p>\n","protected":false},"author":1,"featured_media":0,"parent":0,"menu_order":0,"comment_status":"closed","ping_status":"closed","template":"","meta":{"footnotes":""},"_links":{"self":[{"href":"http:\/\/traffikklassik.be\/index.php?rest_route=\/wp\/v2\/pages\/9"}],"collection":[{"href":"http:\/\/traffikklassik.be\/index.php?rest_route=\/wp\/v2\/pages"}],"about":[{"href":"http:\/\/traffikklassik.be\/index.php?rest_route=\/wp\/v2\/types\/page"}],"author":[{"embeddable":true,"href":"http:\/\/traffikklassik.be\/index.php?rest_route=\/wp\/v2\/users\/1"}],"replies":[{"embeddable":true,"href":"http:\/\/traffikklassik.be\/index.php?rest_route=%2Fwp%2Fv2%2Fcomments&post=9"}],"version-history":[{"count":251,"href":"http:\/\/traffikklassik.be\/index.php?rest_route=\/wp\/v2\/pages\/9\/revisions"}],"predecessor-version":[{"id":1623,"href":"http:\/\/traffikklassik.be\/index.php?rest_route=\/wp\/v2\/pages\/9\/revisions\/1623"}],"wp:attachment":[{"href":"http:\/\/traffikklassik.be\/index.php?rest_route=%2Fwp%2Fv2%2Fmedia&parent=9"}],"curies":[{"name":"wp","href":"https:\/\/api.w.org\/{rel}","templated":true}]}}